{"id":75,"date":"2015-05-25T19:22:24","date_gmt":"2015-05-25T17:22:24","guid":{"rendered":"http:\/\/www.bst.org.pl\/bst_wp\/?page_id=75"},"modified":"2026-03-10T18:46:39","modified_gmt":"2026-03-10T17:46:39","slug":"czlonkowie-bst","status":"publish","type":"page","link":"https:\/\/bst.org.pl\/?page_id=75","title":{"rendered":"Cz\u0142onkowie BST"},"content":{"rendered":"\n<p>(stan na 5 III 2026)<\/p>\n\n\n\n<figure class=\"wp-block-table\"><table><tbody><tr><td>1<\/td><td>Bacdorf Maria<\/td><\/tr><tr><td>2<\/td><td>Ba\u0144ko-Karczewska Dorota<\/td><\/tr><tr><td>3<\/td><td>Bara\u0144ska Miros\u0142awa<\/td><\/tr><tr><td>4<\/td><td>Belzyt Aleksandra<\/td><\/tr><tr><td>5<\/td><td>Bereda-Roso\u0142ek Katarzyna<\/td><\/tr><tr><td>6<\/td><td>Blok-Krampa Magdalena<\/td><\/tr><tr><td>7<\/td><td>Bober Iwona<\/td><\/tr><tr><td>8<\/td><td>Bober Pawe\u0142<\/td><\/tr><tr><td>9<\/td><td>Bobkiewicz Olga Agata<\/td><\/tr><tr><td>10<\/td><td>Borowiak Magdalena<\/td><\/tr><tr><td>11<\/td><td>Borzycki Boles\u0142aw<\/td><\/tr><tr><td>12<\/td><td>Bro\u017cek-Sala Aleksandra<\/td><\/tr><tr><td>13<\/td><td>Brzezi\u0144ski Zdzis\u0142aw<\/td><\/tr><tr><td>14<\/td><td>Chamski Jan<\/td><\/tr><tr><td>15<\/td><td>Danilczuk Bogna Katarzyna<\/td><\/tr><tr><td>16<\/td><td>Dobrowolska Katarzyna<\/td><\/tr><tr><td>17<\/td><td>Do\u0142\u0119cka Aleksandra<\/td><\/tr><tr><td>18<\/td><td>Domaracka Olga<\/td><\/tr><tr><td>19<\/td><td>Drewniok Klaudia<\/td><\/tr><tr><td>20<\/td><td>Drozd Magdalena<\/td><\/tr><tr><td>21<\/td><td>Dzier\u017canowska-Wasielewska Ewa<\/td><\/tr><tr><td>22<\/td><td>Epimach-Szypi\u0142\u0142o Katarzyna<\/td><\/tr><tr><td>23<\/td><td>Ermusz Ma\u0142gorzata<\/td><\/tr><tr><td>24<\/td><td>Fabisiak Emilia<\/td><\/tr><tr><td>25<\/td><td>Fik Grzegorz<\/td><\/tr><tr><td>26<\/td><td>Firkowicz Eugenia<\/td><\/tr><tr><td>27<\/td><td>Flakowska Joanna<\/td><\/tr><tr><td>28<\/td><td>Fleks Adam<\/td><\/tr><tr><td>29<\/td><td>Gancarz Dariusz<\/td><\/tr><tr><td>30<\/td><td>Gawriilidis Maria Katarzyna<\/td><\/tr><tr><td>31<\/td><td>Gmyrek-Kowalska Marta<\/td><\/tr><tr><td>32<\/td><td>Gorczy\u0144ska Ilona<\/td><\/tr><tr><td>33<\/td><td>Gorczy\u0144ski Ireneusz<\/td><\/tr><tr><td>34<\/td><td>G\u00f3rak Dorota<\/td><\/tr><tr><td>35<\/td><td>Grabarczyk Ma\u0142gorzata<\/td><\/tr><tr><td>36<\/td><td>Grabarska Renata<\/td><\/tr><tr><td>37<\/td><td>Grotek Edyta<\/td><\/tr><tr><td>38<\/td><td>Grzona Ariadna<\/td><\/tr><tr><td>39<\/td><td>Gumieniuk-Wawrzyniak Magdalena<\/td><\/tr><tr><td>40<\/td><td>Guszczak Dawid<\/td><\/tr><tr><td>41<\/td><td>Imbierowicz Ma\u0142gorzata<\/td><\/tr><tr><td>42<\/td><td>Iwaniuk Justyna Agnieszka<\/td><\/tr><tr><td>43<\/td><td>Janicka-Jankowska Krystyna<\/td><\/tr><tr><td>44<\/td><td>Januszek Iryna<\/td><\/tr><tr><td>45<\/td><td>Ju\u015b Jerzy<\/td><\/tr><tr><td>46<\/td><td>Kaczmarek Jacek<\/td><\/tr><tr><td>47<\/td><td>Kami\u0144ska Marta<\/td><\/tr><tr><td>48<\/td><td>Kanthak Anna<\/td><\/tr><tr><td>49<\/td><td>Karlsson Maria<\/td><\/tr><tr><td>50<\/td><td>Kielan-Anto\u0144czak Ma\u0142gorzata<\/td><\/tr><tr><td>51<\/td><td>Kobyzew-G\u0142adzka El\u017cbieta<\/td><\/tr><tr><td>52<\/td><td>Kocik Ewa<\/td><\/tr><tr><td>53<\/td><td>Korcz-Bomba\u0142a Irena<\/td><\/tr><tr><td>54<\/td><td>Kordas Gra\u017cyna<\/td><\/tr><tr><td>55<\/td><td>Korniak Angelika<\/td><\/tr><tr><td>56<\/td><td>Kot Katarzyna<\/td><\/tr><tr><td>57<\/td><td>Kotwas Aleksandra<\/td><\/tr><tr><td>58<\/td><td>Krzemi\u0144ska-Gajzler Ewa<\/td><\/tr><tr><td>59<\/td><td>Krzywicki Stefan Kamil<\/td><\/tr><tr><td>60<\/td><td>Lasowski Wojciech<\/td><\/tr><tr><td>61<\/td><td>Lemieszko Wioletta<\/td><\/tr><tr><td>62<\/td><td>Lewicka Lidia<\/td><\/tr><tr><td>63<\/td><td>Lis-Dzi\u0119gielewska Anna<\/td><\/tr><tr><td>64<\/td><td>Lukas Katarzyna<\/td><\/tr><tr><td>65<\/td><td>Lutowska Urszula<\/td><\/tr><tr><td>66<\/td><td>\u0141uba Piotr<\/td><\/tr><tr><td>67<\/td><td>\u0141utek Magdalena<\/td><\/tr><tr><td>68<\/td><td>Mach Marcin<\/td><\/tr><tr><td>69<\/td><td>Marchlewska El\u017cbieta<\/td><\/tr><tr><td>70<\/td><td>Mas\u00e1r Anna<\/td><\/tr><tr><td>71<\/td><td>Matejczuk Krystyna<\/td><\/tr><tr><td>72<\/td><td>Matusewicz-Borchardt Maria<\/td><\/tr><tr><td>73<\/td><td>Mazurowska Karolina<\/td><\/tr><tr><td>74<\/td><td>Melnychenko Inesa<\/td><\/tr><tr><td>75<\/td><td>Micewicz Pawe\u0142<\/td><\/tr><tr><td>76<\/td><td>Mikulska Aneta<\/td><\/tr><tr><td>77<\/td><td>Moskal Ryszard<\/td><\/tr><tr><td>78<\/td><td>Mrzyg\u0142\u00f3d \u0141ukasz<\/td><\/tr><tr><td>79<\/td><td>Nanowska Ewa<\/td><\/tr><tr><td>80<\/td><td>Nanowska-Szmyt Ewa<\/td><\/tr><tr><td>81<\/td><td>Nather-Kowalewska Aleksandra<\/td><\/tr><tr><td>82<\/td><td>Nosorowska Ma\u0142gorzata<\/td><\/tr><tr><td>83<\/td><td>Olejnik Izabela<\/td><\/tr><tr><td>84<\/td><td>Opieszy\u0144ska-Nag\u00f3rka Maria<\/td><\/tr><tr><td>85<\/td><td>Paku\u0142a-Pia\u015bcik Marzena<\/td><\/tr><tr><td>86<\/td><td>Papiernik Weronika<\/td><\/tr><tr><td>87<\/td><td>Pazdur Mateusz<\/td><\/tr><tr><td>88<\/td><td>Piasecki Rafa\u0142<\/td><\/tr><tr><td>89<\/td><td>Pikiel Sylwia<\/td><\/tr><tr><td>90<\/td><td>Popowska Magdalena<\/td><\/tr><tr><td>91<\/td><td>Poszumska Liliana<\/td><\/tr><tr><td>92<\/td><td>Przyby\u0142owska Gvantsa<\/td><\/tr><tr><td>93<\/td><td>Radtke Agata<\/td><\/tr><tr><td>94<\/td><td>Rajewska Alicja<\/td><\/tr><tr><td>95<\/td><td>Ratajski&nbsp;Remigiusz<\/td><\/tr><tr><td>96<\/td><td>Rogi\u0144ska-Sobu\u015b Barbara<\/td><\/tr><tr><td>97<\/td><td>Saczek Andrzej<\/td><\/tr><tr><td>98<\/td><td>Skibicka Joanna<\/td><\/tr><tr><td>99<\/td><td>Stajewska Anna<\/td><\/tr><tr><td>100<\/td><td>Stajewska Ada<\/td><\/tr><tr><td>101<\/td><td>St\u0119pie\u0144 Mariusz<\/td><\/tr><tr><td>102<\/td><td>Suchodolski Zbigniew<\/td><\/tr><tr><td>103<\/td><td>Szaban Katarzyna<\/td><\/tr><tr><td>104<\/td><td>Szachta Anna<\/td><\/tr><tr><td>105<\/td><td>Szalsza Marek<\/td><\/tr><tr><td>106<\/td><td>Szatkowska-Jasku\u0142a Dorota<\/td><\/tr><tr><td>107<\/td><td>Szefler Tadeusz<\/td><\/tr><tr><td>108<\/td><td>Szymaniak Monika<\/td><\/tr><tr><td>109<\/td><td>\u015acibiwo\u0142k Ma\u0142gorzata<\/td><\/tr><tr><td>110<\/td><td>\u015acis\u0142owicz Kamila<\/td><\/tr><tr><td>111<\/td><td>Talarczyk Ma\u0142gorzata<\/td><\/tr><tr><td>112<\/td><td>Tomsia Bo\u017cena<\/td><\/tr><tr><td>113<\/td><td>Trojanowska Monika<\/td><\/tr><tr><td>114<\/td><td>Unterschuetz Alicja<\/td><\/tr><tr><td>115<\/td><td>Waluk-Jaguszewska El\u017cbieta<\/td><\/tr><tr><td>116<\/td><td>Warga Jacek<\/td><\/tr><tr><td>117<\/td><td>Wencel Anna<\/td><\/tr><tr><td>118<\/td><td>Wierzba Krzysztof<\/td><\/tr><tr><td>119<\/td><td>Zaleszkiewicz Maria<\/td><\/tr><tr><td>120<\/td><td>Zalewska Danuta<\/td><\/tr><tr><td>121<\/td><td>Zawi\u015blak Danuta<\/td><\/tr><\/tbody><\/table><\/figure>\n","protected":false},"excerpt":{"rendered":"<p>(stan na 5 III 2026) 1 Bacdorf Maria 2 Ba\u0144ko-Karczewska Dorota 3 Bara\u0144ska Miros\u0142awa 4 Belzyt Aleksandra 5 Bereda-Roso\u0142ek Katarzyna 6 Blok-Krampa Magdalena 7 Bober Iwona 8 Bober Pawe\u0142 9 Bobkiewicz Olga Agata 10 Borowiak Magdalena 11 Borzycki Boles\u0142aw 12 Bro\u017cek-Sala Aleksandra 13 Brzezi\u0144ski Zdzis\u0142aw 14 Chamski Jan 15 Danilczuk Bogna Katarzyna 16 Dobrowolska Katarzyna [&hellip;]<\/p>\n","protected":false},"author":1,"featured_media":0,"parent":0,"menu_order":0,"comment_status":"open","ping_status":"open","template":"","meta":{"_exactmetrics_skip_tracking":false,"_exactmetrics_sitenote_active":false,"_exactmetrics_sitenote_note":"","_exactmetrics_sitenote_category":0,"footnotes":""},"class_list":["post-75","page","type-page","status-publish","hentry"],"_links":{"self":[{"href":"https:\/\/bst.org.pl\/index.php?rest_route=\/wp\/v2\/pages\/75","targetHints":{"allow":["GET"]}}],"collection":[{"href":"https:\/\/bst.org.pl\/index.php?rest_route=\/wp\/v2\/pages"}],"about":[{"href":"https:\/\/bst.org.pl\/index.php?rest_route=\/wp\/v2\/types\/page"}],"author":[{"embeddable":true,"href":"https:\/\/bst.org.pl\/index.php?rest_route=\/wp\/v2\/users\/1"}],"replies":[{"embeddable":true,"href":"https:\/\/bst.org.pl\/index.php?rest_route=%2Fwp%2Fv2%2Fcomments&post=75"}],"version-history":[{"count":90,"href":"https:\/\/bst.org.pl\/index.php?rest_route=\/wp\/v2\/pages\/75\/revisions"}],"predecessor-version":[{"id":5150,"href":"https:\/\/bst.org.pl\/index.php?rest_route=\/wp\/v2\/pages\/75\/revisions\/5150"}],"wp:attachment":[{"href":"https:\/\/bst.org.pl\/index.php?rest_route=%2Fwp%2Fv2%2Fmedia&parent=75"}],"curies":[{"name":"wp","href":"https:\/\/api.w.org\/{rel}","templated":true}]}}