{"id":3551,"date":"2019-03-11T18:43:44","date_gmt":"2019-03-11T17:43:44","guid":{"rendered":"http:\/\/bst.org.pl\/?page_id=3551"},"modified":"2023-06-22T15:13:13","modified_gmt":"2023-06-22T13:13:13","slug":"informacja-o-przetwarzaniu-danych-osobowych","status":"publish","type":"page","link":"https:\/\/bst.org.pl\/?page_id=3551","title":{"rendered":"Informacja o przetwarzaniu danych osobowych"},"content":{"rendered":"\n<p><strong>Informacja o przetwarzaniu danych\nosobowych<\/strong><\/p>\n\n\n\n<p>Niniejsza informacja zostaje przekazana w wykonaniu obowi\u0105zku wynikaj\u0105cego z unijnego rozporz\u0105dzenia o ochronie danych osobowych (dalej: RODO).<\/p>\n\n\n\n<p>1. Administrator danych<\/p>\n\n\n\n<p>Administratorem Pani\/Pana danych osobowych jest Ba\u0142tyckie Stowarzyszenie T\u0142umaczy z siedzib\u0105 w Gdyni (81-583) przy ul. Wielkopolskiej 399 (dalej \u201eBST\u201d).<\/p>\n\n\n\n<p>2. Cele i podstawy przetwarzania<\/p>\n\n\n\n<p>Pani\/Pana dane s\u0105 przetwarzane w zwi\u0105zku z wyra\u017ceniem\nprzez Pani\u0105\/Pana zgody na przetwarzanie przez BST Pani\/Pana danych osobowych na\ncele zarz\u0105dzania Stowarzyszeniem, w tym mi\u0119dzy innymi dla potrzeb rozliczania\nsk\u0142adek cz\u0142onkowskich, organizowania ubezpieczenia OC i kontaktu pomi\u0119dzy\ncz\u0142onkami.<\/p>\n\n\n\n<p>Podstaw\u0119 prawn\u0105 przetwarzania stanowi udzielona przez Pani\/Pana zgoda na przetwarzanie danych (art. 6 ust. 1 lit. a) RODO) oraz prawnie uzasadniony interes administratora (art. 6 ust. 1 lit. f) RODO), jakim jest zarz\u0105dzanie Stowarzyszeniem oraz mi\u0119dzy innymi informowanie o dzia\u0142aniach na rzecz \u015brodowiska t\u0142umaczy.<\/p>\n\n\n\n<p>Ponadto Pani\/Pana dane osobowe przetwarzane s\u0105 z mocy prawa, w tym Ustawy o stowarzyszeniach (Dz. U. 1989 Nr 20 poz. 104) i Ustawy o rachunkowo\u015bci (Dz. U. 1994 Nr 121 poz. 591).<\/p>\n\n\n\n<p>W przypadku kiedy dane\nzosta\u0142y pozyskane nie bezpo\u015brednio od Pani\/Pana jako podmiotu danych,\nprzetwarzane dane osobowe (w tym imi\u0119, nazwisko i adres poczty elektronicznej)\npochodz\u0105 wy\u0142\u0105cznie z listy biuletynowej BST.<\/p>\n\n\n\n<p>3. Odbiorcy danych<\/p>\n\n\n\n<p>BST mo\u017ce udost\u0119pnia\u0107 Pani\/Pana dane podmiotom\n\u015bwiadcz\u0105cym na rzecz BST us\u0142ugi informatyczne opieki nad systemami informatycznymi,\nw kt\u00f3rych zapisywane s\u0105 Pani\/Pana dane osobowe.<\/p>\n\n\n\n<p>Odbiorcami Pani\/Pana danych s\u0105 r\u00f3wnie\u017c pozostali\ncz\u0142onkowie BST zapisani do listy mailingowej BST.<\/p>\n\n\n\n<p>4. Przekazywanie danych do pa\u0144stw trzecich lub organizacji mi\u0119dzynarodowych<\/p>\n\n\n\n<p>Nie przekazujemy Pani\/Pana danych poza teren Europejskiego Obszaru Gospodarczego ani do organizacji mi\u0119dzynarodowych.<\/p>\n\n\n\n<p>5. Okres przechowywania danych<\/p>\n\n\n\n<p>Pani\/Pana dane przechowujemy do czasu wyst\u0105pienia\nPani\/Pana z BST.<\/p>\n\n\n\n<p>6. Prawa osoby, kt\u00f3rej dotycz\u0105 dane<\/p>\n\n\n\n<p>Przys\u0142uguj\u0105 Pani\/Panu nast\u0119puj\u0105ce prawa:<\/p>\n\n\n\n<ul class=\"wp-block-list\">\n<li>prawo dost\u0119pu do Pani\/Pana\ndanych oraz otrzymania ich kopii<\/li>\n\n\n\n<li>prawo do\nsprostowania (poprawiania) Pani\/Pana danych<\/li>\n\n\n\n<li>prawo do\nusuni\u0119cia Pani\/Pana danych<\/li>\n<\/ul>\n\n\n\n<p>(je\u017celi Pani\/Pana zdaniem nie ma podstaw do tego, aby BST przetwarza\u0142o Pani\/Pana dane, mo\u017ce Pani\/Pan za\u017c\u0105da\u0107, aby BST je usun\u0119\u0142o)<\/p>\n\n\n\n<ul class=\"wp-block-list\">\n<li>prawo do\nograniczenia przetwarzania danych<\/li>\n<\/ul>\n\n\n\n<p>(mo\u017ce Pani\/Pan za\u017c\u0105da\u0107, aby BST ograniczy\u0142o przetwarzanie Pani\/Pana danych osobowych wy\u0142\u0105cznie do ich przechowywania lub wykonywania uzgodnionych z Pani\u0105\/Panem dzia\u0142a\u0144, je\u017celi Pani\/Pana zdaniem BST ma nieprawid\u0142owe dane na Pani\/Pana temat lub przetwarza je bezpodstawnie, a nie chce Pani\/Pan, \u017ceby BST je usun\u0119\u0142o, gdy\u017c s\u0105 potrzebne do ustalenia, dochodzenia lub obrony roszcze\u0144 lub na czas wniesionego przez Pani\/Pana sprzeciwu wzgl\u0119dem przetwarzania danych)<\/p>\n\n\n\n<ul class=\"wp-block-list\">\n<li>prawo do wniesienia sprzeciwu wobec przetwarzania danych<\/li>\n<\/ul>\n\n\n\n<p>(aby skutecznie skorzysta\u0107 z tego prawa, powinna Pani\/powinien Pan wskaza\u0107 BST swoj\u0105 szczeg\u00f3ln\u0105 sytuacj\u0119, kt\u00f3ra w Pani\/Pana ocenie uzasadnia zaprzestanie przez BST przetwarzania obj\u0119tego sprzeciwem. BST przestanie przetwarza\u0107 Pani\/Pana dane, chyba \u017ce wyka\u017ce, \u017ce podstawy przetwarzania przez BST Pani\/Pana danych s\u0105 nadrz\u0119dne wobec Pani\/Pana praw, lub te\u017c, \u017ce Pani\/Pana dane s\u0105 BST niezb\u0119dne do ustalenia, dochodzenia lub obrony roszcze\u0144)<\/p>\n\n\n\n<ul class=\"wp-block-list\">\n<li>prawo do\nwniesienia skargi do organu nadzorczego<\/li>\n<\/ul>\n\n\n\n<p>(je\u017celi uwa\u017ca Pani\/Pan, \u017ce BST przetwarza Pani\/Pana dane niezgodnie z prawem, mo\u017ce Pani\/Pan z\u0142o\u017cy\u0107 w tej sprawie skarg\u0119 do Prezesa Urz\u0119du Ochrony Danych Osobowych lub innego w\u0142a\u015bciwego organu nadzorczego)<\/p>\n\n\n\n<p>7. Zautomatyzowane podejmowanie decyzji, w tym profilowanie danych<\/p>\n\n\n\n<p>BST nie prowadzi\nzautomatyzowanego podejmowania decyzji, w tym profilowania danych osobowych.<\/p>\n\n\n\n<p>8. Podanie przez Pani\u0105\/Pana danych osobowych jest warunkiem wst\u0105pienia w poczet cz\u0142onk\u00f3w BST. Podanie przez Pani\u0105\/Pana danych osobowych nie jest wymogiem ustawowym.<\/p>\n\n\n\n<p>W przypadku pyta\u0144 i&nbsp;opinii dotycz\u0105cych stosowanej przez Administratora polityki prywatno\u015bci prosimy o ich przesy\u0142anie na&nbsp;adres e-mail: <a href=\"mailto:prezes@bst.org.pl\">prezes@bst.org.pl<\/a>.<\/p>\n\n\n<p><!--EndFragment--><\/p>\n<p><!-- \/wp:post-content --><\/p>","protected":false},"excerpt":{"rendered":"<p>Informacja o przetwarzaniu danych osobowych Niniejsza informacja zostaje przekazana w wykonaniu obowi\u0105zku wynikaj\u0105cego z unijnego rozporz\u0105dzenia o ochronie danych osobowych (dalej: RODO). 1. Administrator danych Administratorem Pani\/Pana danych osobowych jest Ba\u0142tyckie Stowarzyszenie T\u0142umaczy z siedzib\u0105 w Gdyni (81-583) przy ul. Wielkopolskiej 399 (dalej \u201eBST\u201d). 2. Cele i podstawy przetwarzania Pani\/Pana dane s\u0105 przetwarzane w zwi\u0105zku [&hellip;]<\/p>\n","protected":false},"author":1,"featured_media":0,"parent":0,"menu_order":0,"comment_status":"closed","ping_status":"closed","template":"","meta":{"_exactmetrics_skip_tracking":false,"_exactmetrics_sitenote_active":false,"_exactmetrics_sitenote_note":"","_exactmetrics_sitenote_category":0,"footnotes":""},"class_list":["post-3551","page","type-page","status-publish","hentry"],"_links":{"self":[{"href":"https:\/\/bst.org.pl\/index.php?rest_route=\/wp\/v2\/pages\/3551","targetHints":{"allow":["GET"]}}],"collection":[{"href":"https:\/\/bst.org.pl\/index.php?rest_route=\/wp\/v2\/pages"}],"about":[{"href":"https:\/\/bst.org.pl\/index.php?rest_route=\/wp\/v2\/types\/page"}],"author":[{"embeddable":true,"href":"https:\/\/bst.org.pl\/index.php?rest_route=\/wp\/v2\/users\/1"}],"replies":[{"embeddable":true,"href":"https:\/\/bst.org.pl\/index.php?rest_route=%2Fwp%2Fv2%2Fcomments&post=3551"}],"version-history":[{"count":5,"href":"https:\/\/bst.org.pl\/index.php?rest_route=\/wp\/v2\/pages\/3551\/revisions"}],"predecessor-version":[{"id":4731,"href":"https:\/\/bst.org.pl\/index.php?rest_route=\/wp\/v2\/pages\/3551\/revisions\/4731"}],"wp:attachment":[{"href":"https:\/\/bst.org.pl\/index.php?rest_route=%2Fwp%2Fv2%2Fmedia&parent=3551"}],"curies":[{"name":"wp","href":"https:\/\/api.w.org\/{rel}","templated":true}]}}