{"id":3543,"date":"2019-02-26T16:57:51","date_gmt":"2019-02-26T15:57:51","guid":{"rendered":"http:\/\/bst.org.pl\/?page_id=3543"},"modified":"2022-03-13T13:30:00","modified_gmt":"2022-03-13T12:30:00","slug":"members","status":"publish","type":"page","link":"https:\/\/bst.org.pl\/?page_id=3543&lang=en","title":{"rendered":"Members"},"content":{"rendered":"\n<p>As of 11<sup>th<\/sup> March 2022<\/p>\n\n\n\n<p>1 Bacdorf Maria<br>2 Bakmaz Magdalena<br>3 Ba\u0144ko-Karczewska Dorota<br>4 Bara\u0144ska Miros\u0142awa<br>5 Belzyt Aleksandra<br>6 Bereda-Roso\u0142ek Katarzyna<br>7 Bia\u0142osk\u00f3rska Ma\u0142gorzata<br>8 Blok-Krampa Magdalena<br>9 Bober Iwona<br>10 Bober Pawe\u0142<br>11 Bobkiewicz Olga Agata<br>12 Bokiniec Monika<br>13 Borowiak Magdalena<br>14 Borzycki Boles\u0142aw<br>15 Bro\u017cek-Sala Aleksandra<br>16 Brzezi\u0144ski Zdzis\u0142aw<br>17 Chamski Jan<br>18 Danilczuk Bogna Katarzyna<br>19 D\u0105browska-Lisik Agnieszka<br>20 Dobrowolska Katarzyna<br>21 Do\u0142\u0119cka Aleksandra<br>22 Drewniok Klaudia<br>23 Drozdowska Karolina<br>24 Dzier\u017canowska-Wasielewska Ewa<br>25 Epimach-Szypi\u0142\u0142o Katarzyna<br>26 Ermusz Ma\u0142gorzata<br>27 Evmenkova Svetlana<br>28 Fabisiak Emilia<br>29 Fik Grzegorz<br>30 Firkowicz Eugenia<br>31 Flakowska Joanna<br>32 Fleks Adam<br>33 Gancarz Dariusz<br>34 Garbowska Katarzyna<br>35 Gawriilidis Maria Katarzyna<br>36 Gorczy\u0144ska Ilona<br>37 Gorczy\u0144ski Ireneusz<br>38 G\u00f3rak-\u0141uba Dorota<br>39 Grabarczyk Ma\u0142gorzata<br>40 Grabarska Renata<br>41 Grotek Edyta<br>42 Grzona Ariadna<br>43 Gumieniuk-Wawrzyniak Magdalena<br>44 Hinc Jolanta<br>45 Imbierowicz Ma\u0142gorzata<br>46 Iwaniuk Justyna Agnieszka<br>47 Jagielska Julitta<br>48 Janicka-Jankowska Krystyna<br>49 Ju\u015b Jerzy<br>50 Kaczmarek Jacek<br>51 Kadakovska Dace<br>52 Kami\u0144ska Marta<br>53 Kanthak Anna<br>54 Karczewska Regina<br>55 Karlsson Maria<br>56 Kassolik Anna<br>57 Kielan-Anto\u0144czak Ma\u0142gorzata<br>58 Kobyzew-G\u0142adzka El\u017cbieta<br>59 Kocik Ewa<br>60 Ko\u0142aczek Anna<br>61 Korcz-Bomba\u0142a Irena<br>62 Kordas Gra\u017cyna<br>63 Kot Katarzyna<br>64 Kotwas Aleksandra<br>65 Krzemi\u0144ska-Gajzler Ewa<br>66 Krzywicki Stefan Kamil<br>67 Krzy\u017canowski Wojciech<br>68 Kulesza Katarzyna<br>69 Lasowski Wojciech<br>70 Lemieszko Wioletta<br>71 Lewicka Lidia<br>72 Lis-Dzi\u0119gielewska Anna<br>73 Lukas Katarzyna<br>74 Lutowska Urszula<br>75 \u0141api\u0144ska-Kopiej\u0107 Monika<br>76 \u0141uba Piotr<br>77 \u0141uksza Katarzyna<br>78 \u0141utek Magdalena<br>79 Mach Marcin<br>80 Maniakowska Agnieszka<br>81 Matejczuk Krystyna<br>82 Maternowska-Belkessam Gra\u017cyna<br>83 Matusewicz-Borchardt Maria<br>84 Mazurowska Karolina<br>85 Melnychenko Inesa<br>86 Micewicz Pawe\u0142<br>87 Mikulska Aneta<br>88 Moskal Ryszard<br>89 Mrzyg\u0142\u00f3d \u0141ukasz<br>90 Nanowska Ewa<br>91 Nanowska-Szmyt Ewa<br>92 Nather-Kowalewska Aleksandra<br>93 Nosorowska Ma\u0142gorzata<br>94 Olejnik Izabela<br>95 Opieszy\u0144ska-Nag\u00f3rka Maria<br>96 Paku\u0142a-Pia\u015bcik Marzena<br>97 P\u0105czek Agata<br>98 Piasecki Rafa\u0142<br>99 Piesik Jolanta<br>100 Pikiel Sylwia<br>101 Popowska Magdalena<br>102 Poszumska Liliana<br>103 Poszumska Urszula<br>104 Pragert-Biechowska Katarzyna<br>105 Radtke Agata<br>106 Rajewska Alicja<br>107 Ratajski Remigiusz<br>108 Rogi\u0144ska-Sobu\u015b Barbara<br>109 Rusinek Amanda<br>110 Saczek Andrzej<br>111 Skibicka Joanna<br>112 Stajewska Anna<br>113 Stajewska-Kami\u0144ska Ada<br>114 Stelmasiewicz Maria<br>115 St\u0119pie\u0144 Mariusz<br>116 Suchodolski Zbigniew<br>117 Szachta Anna<br>118 Szalsza Marek<br>119 Szefler Tadeusz<br>120 \u015acibiwo\u0142k Ma\u0142gorzata<br>121 \u015acis\u0142owicz Kamila<br>122 Talarczyk Ma\u0142gorzata<br>123 Tomsia Bo\u017cena<br>124 Trojanowska Monika<br>125 Ufnal Aleksandra<br>126 Ukleja Karina<br>127 Unterschuetz Alicja<br>128 Waluk-Jaguszewska El\u017cbieta<br>129 Warga Jacek<br>130 Wencel Anna<br>131 Wierzba Krzysztof<br>132 Wojtku\u0144ski Andrzej<br>133 Zaleszkiewicz Maria<br>134 Zalewska Danuta<br>135 Zarzycka-Jacewicz El\u017cbieta<br>136 Zawi\u015blak Danuta<\/p>\n","protected":false},"excerpt":{"rendered":"<p>As of 11th March 2022 1 Bacdorf Maria2 Bakmaz Magdalena3 Ba\u0144ko-Karczewska Dorota4 Bara\u0144ska Miros\u0142awa5 Belzyt Aleksandra6 Bereda-Roso\u0142ek Katarzyna7 Bia\u0142osk\u00f3rska Ma\u0142gorzata8 Blok-Krampa Magdalena9 Bober Iwona10 Bober Pawe\u014211 Bobkiewicz Olga Agata12 Bokiniec Monika13 Borowiak Magdalena14 Borzycki Boles\u0142aw15 Bro\u017cek-Sala Aleksandra16 Brzezi\u0144ski Zdzis\u0142aw17 Chamski Jan18 Danilczuk Bogna Katarzyna19 D\u0105browska-Lisik Agnieszka20 Dobrowolska Katarzyna21 Do\u0142\u0119cka Aleksandra22 Drewniok Klaudia23 Drozdowska Karolina24 Dzier\u017canowska-Wasielewska [&hellip;]<\/p>\n","protected":false},"author":1,"featured_media":0,"parent":0,"menu_order":0,"comment_status":"closed","ping_status":"closed","template":"","meta":{"_exactmetrics_skip_tracking":false,"_exactmetrics_sitenote_active":false,"_exactmetrics_sitenote_note":"","_exactmetrics_sitenote_category":0,"footnotes":""},"class_list":["post-3543","page","type-page","status-publish","hentry"],"_links":{"self":[{"href":"https:\/\/bst.org.pl\/index.php?rest_route=\/wp\/v2\/pages\/3543","targetHints":{"allow":["GET"]}}],"collection":[{"href":"https:\/\/bst.org.pl\/index.php?rest_route=\/wp\/v2\/pages"}],"about":[{"href":"https:\/\/bst.org.pl\/index.php?rest_route=\/wp\/v2\/types\/page"}],"author":[{"embeddable":true,"href":"https:\/\/bst.org.pl\/index.php?rest_route=\/wp\/v2\/users\/1"}],"replies":[{"embeddable":true,"href":"https:\/\/bst.org.pl\/index.php?rest_route=%2Fwp%2Fv2%2Fcomments&post=3543"}],"version-history":[{"count":2,"href":"https:\/\/bst.org.pl\/index.php?rest_route=\/wp\/v2\/pages\/3543\/revisions"}],"predecessor-version":[{"id":4402,"href":"https:\/\/bst.org.pl\/index.php?rest_route=\/wp\/v2\/pages\/3543\/revisions\/4402"}],"wp:attachment":[{"href":"https:\/\/bst.org.pl\/index.php?rest_route=%2Fwp%2Fv2%2Fmedia&parent=3543"}],"curies":[{"name":"wp","href":"https:\/\/api.w.org\/{rel}","templated":true}]}}