{"id":3094,"date":"2015-10-07T10:47:53","date_gmt":"2015-10-07T08:47:53","guid":{"rendered":"http:\/\/bst.org.pl\/?page_id=3094"},"modified":"2019-03-11T18:42:37","modified_gmt":"2019-03-11T17:42:37","slug":"cookie-policy","status":"publish","type":"page","link":"https:\/\/bst.org.pl\/?page_id=3094","title":{"rendered":"Polityka cookies"},"content":{"rendered":"\n<hr class=\"wp-block-separator\"\/>\n\n\n\n<p><strong>Co to s\u0105 ciasteczka?<\/strong><\/p>\n\n\n\n<p>Ciasteczka (ang. cookies) to niewielkie pliki, zapisywane i przechowywane na Twoim komputerze, tablecie lub smartfonie podczas odwiedzania stron internetowych. Ciasteczko zawiera zazwyczaj nazw\u0119 strony internetowej, z kt\u00f3rej pochodzi, \u201ed\u0142ugo\u015b\u0107 \u017cycia\u201d (to znaczy czas jego istnienia) oraz losowo wygenerowany niepowtarzalny numer s\u0142u\u017c\u0105cy do identyfikacji przegl\u0105darki, z kt\u00f3rej nast\u0105pi\u0142o po\u0142\u0105czenie.<\/p>\n\n\n\n<p><strong>Do czego wykorzystujemy ciasteczka?<\/strong><\/p>\n\n\n\n<p>1. Ciasteczka wykorzystywane s\u0105 w celu:<br>a. dostosowania zawarto\u015bci stron internetowych do preferencji u\u017cytkownika oraz zoptymalizowania korzystania ze stron internetowych; w szczeg\u00f3lno\u015bci pliki te pozwalaj\u0105 rozpozna\u0107 urz\u0105dzenie u\u017cytkownika i w odpowiedni spos\u00f3b wy\u015bwietli\u0107 stron\u0119 internetow\u0105 (inaczej w komputerze a inaczej w telefonie kom\u00f3rkowym),<br>b. tworzenia statystyk, kt\u00f3re pomagaj\u0105 zrozumie\u0107, w jaki spos\u00f3b u\u017cytkownicy korzystaj\u0105 ze stron internetowych, co umo\u017cliwia nam ulepszanie ich struktury i zawarto\u015bci,<br>c. dostarczania u\u017cytkownikom ewentualnych tre\u015bci reklamowych bardziej dostosowanych do ich zainteresowa\u0144.<\/p>\n\n\n\n<p>2. W ramach serwisu internetowego bst.org.pl mo\u017cemy stosowa\u0107 nast\u0119puj\u0105ce rodzaje ciasteczek:<br>a. ciasteczka niezb\u0119dne do korzystania z us\u0142ug dost\u0119pnych w ramach strony internetowej, np. do uwierzytelniania u\u017cytkownika w ramach serwisu,<br>b. ciasteczka ochronne, kt\u00f3re s\u0142u\u017c\u0105, np. do wykrywania pr\u00f3b w\u0142amania na stron\u0119 internetow\u0105,<br>c. ciasteczka s\u0142u\u017c\u0105ce do zbierania informacji na temat korzystania ze strony przez u\u017cytkownik\u00f3w,<br>d. ciasteczka umo\u017cliwiaj\u0105ce zapami\u0119tanie ustawie\u0144 u\u017cytkownika takich jak np. j\u0119zyk, rozmiar czcionki, kolorystyka strony internetowej itp.,<br>e. ciasteczka reklamowe, umo\u017cliwiaj\u0105ce dostarczanie u\u017cytkownikom tre\u015bci reklamowych dostosowanych do ich zainteresowa\u0144.<br>f.&nbsp; ciasteczka firm trzecich, kt\u00f3rych aplikacje s\u0105 elementem strony internetowej (np. Google Analytics, Facebook itp.)<\/p>\n\n\n\n<p>3. W wielu przypadkach przegl\u0105darki internetowe domy\u015blnie przechowuj\u0105 ciasteczka na komputerze u\u017cytkownika. U\u017cytkownik strony mo\u017ce w dowolnym momencie zmieni\u0107 ustawienia dotycz\u0105ce ciasteczek, np. w celu automatycznego blokowania obs\u0142ugi ciasteczek lub informowania o ka\u017cdorazowym zapisaniu ciasteczek w jego komputerze (telefonie itp.). Szczeg\u00f3\u0142owe informacje dotycz\u0105ce ustawie\u0144 zwi\u0105zanych z ciasteczkami dost\u0119pne s\u0105 na stronach internetowych producent\u00f3w przegl\u0105darek.<\/p>\n","protected":false},"excerpt":{"rendered":"<p>Co to s\u0105 ciasteczka? Ciasteczka (ang. cookies) to niewielkie pliki, zapisywane i przechowywane na Twoim komputerze, tablecie lub smartfonie podczas odwiedzania stron internetowych. Ciasteczko zawiera zazwyczaj nazw\u0119 strony internetowej, z kt\u00f3rej pochodzi, \u201ed\u0142ugo\u015b\u0107 \u017cycia\u201d (to znaczy czas jego istnienia) oraz losowo wygenerowany niepowtarzalny numer s\u0142u\u017c\u0105cy do identyfikacji przegl\u0105darki, z kt\u00f3rej nast\u0105pi\u0142o po\u0142\u0105czenie. Do czego wykorzystujemy [&hellip;]<\/p>\n","protected":false},"author":1,"featured_media":0,"parent":0,"menu_order":0,"comment_status":"closed","ping_status":"closed","template":"","meta":{"_exactmetrics_skip_tracking":false,"_exactmetrics_sitenote_active":false,"_exactmetrics_sitenote_note":"","_exactmetrics_sitenote_category":0,"footnotes":""},"class_list":["post-3094","page","type-page","status-publish","hentry"],"_links":{"self":[{"href":"https:\/\/bst.org.pl\/index.php?rest_route=\/wp\/v2\/pages\/3094","targetHints":{"allow":["GET"]}}],"collection":[{"href":"https:\/\/bst.org.pl\/index.php?rest_route=\/wp\/v2\/pages"}],"about":[{"href":"https:\/\/bst.org.pl\/index.php?rest_route=\/wp\/v2\/types\/page"}],"author":[{"embeddable":true,"href":"https:\/\/bst.org.pl\/index.php?rest_route=\/wp\/v2\/users\/1"}],"replies":[{"embeddable":true,"href":"https:\/\/bst.org.pl\/index.php?rest_route=%2Fwp%2Fv2%2Fcomments&post=3094"}],"version-history":[{"count":3,"href":"https:\/\/bst.org.pl\/index.php?rest_route=\/wp\/v2\/pages\/3094\/revisions"}],"predecessor-version":[{"id":3550,"href":"https:\/\/bst.org.pl\/index.php?rest_route=\/wp\/v2\/pages\/3094\/revisions\/3550"}],"wp:attachment":[{"href":"https:\/\/bst.org.pl\/index.php?rest_route=%2Fwp%2Fv2%2Fmedia&parent=3094"}],"curies":[{"name":"wp","href":"https:\/\/api.w.org\/{rel}","templated":true}]}}