{"id":290,"date":"2015-07-08T22:35:46","date_gmt":"2015-07-08T20:35:46","guid":{"rendered":"http:\/\/www.bst.org.pl\/bst_wp\/?page_id=290"},"modified":"2022-03-12T13:13:30","modified_gmt":"2022-03-12T12:13:30","slug":"governing-bodies","status":"publish","type":"page","link":"https:\/\/bst.org.pl\/?page_id=290&lang=en","title":{"rendered":"Governing Bodies"},"content":{"rendered":"<div style=\"text-align: center;\" align=\"center\"><strong>2021\u20132024<\/strong><\/div>\n<div style=\"text-align: center;\" align=\"center\"><strong>BOARD<\/strong><\/div>\n<div style=\"text-align: center;\" align=\"center\">\u0141ukasz Mrzyg\u0142\u00f3d \u2013 president<\/div>\n<div style=\"text-align: center;\" align=\"center\">Katarzyna Bereda-Roso\u0142ek \u2013 vice-president<\/div>\n<div style=\"text-align: center;\" align=\"center\">Liliana Poszumska \u2013 vice-president<\/div>\n<div style=\"text-align: center;\" align=\"center\">Agata Radtke \u2013 secretary<\/div>\n<div style=\"text-align: center;\" align=\"center\">Tadeusz Szefler \u2013 treasurer<\/div>\n<div style=\"text-align: center;\" align=\"center\">Ma\u0142gorzata Grabarczyk \u2013 board member<\/div>\n<div style=\"text-align: center;\" align=\"center\">Mariusz St\u0119pie\u0144 \u2013 board member<\/div>\n<div style=\"text-align: center;\" align=\"center\"><strong>AUDIT COMMISSION<\/strong><\/div>\n<div style=\"text-align: center;\" align=\"center\">Anna Stajewska \u2013 head<\/div>\n<div style=\"text-align: center;\" align=\"center\">Marzena Paku\u0142a-Pia\u015bcik \u2013 deputy head<\/div>\n<div style=\"text-align: center;\" align=\"center\">Jan Chamski \u2013 secretary<\/div>\n<div style=\"text-align: center;\" align=\"center\"><strong>ETHICS COMMISSION<\/strong><\/div>\n<div style=\"text-align: center;\" align=\"center\">Eugenia Firkowicz<\/div>\n<div style=\"text-align: center;\" align=\"center\">Ireneusz Gorczy\u0144ski<\/div>\n<p>&nbsp;<\/p>\n<div style=\"text-align: center;\" align=\"center\"><a style=\"font-size: revert;\" href=\"https:\/\/bst.org.pl\/?page_id=4379&amp;lang=en\" target=\"_blank\" rel=\"noopener\">Governing Bodies 2018\u20132021<\/a><\/div>\n","protected":false},"excerpt":{"rendered":"<p>2021\u20132024 BOARD \u0141ukasz Mrzyg\u0142\u00f3d \u2013 president Katarzyna Bereda-Roso\u0142ek \u2013 vice-president Liliana Poszumska \u2013 vice-president Agata Radtke \u2013 secretary Tadeusz Szefler \u2013 treasurer Ma\u0142gorzata Grabarczyk \u2013 board member Mariusz St\u0119pie\u0144 \u2013 board member AUDIT COMMISSION Anna Stajewska \u2013 head Marzena Paku\u0142a-Pia\u015bcik \u2013 deputy head Jan Chamski \u2013 secretary ETHICS COMMISSION Eugenia Firkowicz Ireneusz Gorczy\u0144ski &nbsp; Governing [&hellip;]<\/p>\n","protected":false},"author":1,"featured_media":0,"parent":0,"menu_order":0,"comment_status":"closed","ping_status":"open","template":"","meta":{"_exactmetrics_skip_tracking":false,"_exactmetrics_sitenote_active":false,"_exactmetrics_sitenote_note":"","_exactmetrics_sitenote_category":0,"footnotes":""},"class_list":["post-290","page","type-page","status-publish","hentry"],"_links":{"self":[{"href":"https:\/\/bst.org.pl\/index.php?rest_route=\/wp\/v2\/pages\/290","targetHints":{"allow":["GET"]}}],"collection":[{"href":"https:\/\/bst.org.pl\/index.php?rest_route=\/wp\/v2\/pages"}],"about":[{"href":"https:\/\/bst.org.pl\/index.php?rest_route=\/wp\/v2\/types\/page"}],"author":[{"embeddable":true,"href":"https:\/\/bst.org.pl\/index.php?rest_route=\/wp\/v2\/users\/1"}],"replies":[{"embeddable":true,"href":"https:\/\/bst.org.pl\/index.php?rest_route=%2Fwp%2Fv2%2Fcomments&post=290"}],"version-history":[{"count":8,"href":"https:\/\/bst.org.pl\/index.php?rest_route=\/wp\/v2\/pages\/290\/revisions"}],"predecessor-version":[{"id":4398,"href":"https:\/\/bst.org.pl\/index.php?rest_route=\/wp\/v2\/pages\/290\/revisions\/4398"}],"wp:attachment":[{"href":"https:\/\/bst.org.pl\/index.php?rest_route=%2Fwp%2Fv2%2Fmedia&parent=290"}],"curies":[{"name":"wp","href":"https:\/\/api.w.org\/{rel}","templated":true}]}}