{"id":287,"date":"2015-07-08T22:35:07","date_gmt":"2015-07-08T20:35:07","guid":{"rendered":"http:\/\/www.bst.org.pl\/bst_wp\/?page_id=287"},"modified":"2015-07-08T22:45:11","modified_gmt":"2015-07-08T20:45:11","slug":"articles-of-association-and-registration-details","status":"publish","type":"page","link":"https:\/\/bst.org.pl\/?page_id=287&lang=en","title":{"rendered":"Articles of Association and Registration Details"},"content":{"rendered":"<p style=\"text-align: center;\"><a id=\"fm_file\" title=\"BST Articles of Association\" href=\"http:\/\/www.bst.org.pl\/images\/stories\/BST\/EN_2010_04_24_BST_Articles_of_Association.pdf\" target=\"_blank\">BST Articles of Association<\/a><\/p>\n<p style=\"text-align: center;\"><a title=\"file\" href=\"http:\/\/www.bst.org.pl\/files\/Karta%20BST.pdf\" target=\"_blank\" name=\"file\"><\/a><a id=\"fm_file\" title=\"BST Member Charter\" href=\"http:\/\/www.bst.org.pl\/images\/stories\/BST\/EN_BST_Member_Charter.pdf\" target=\"_blank\">BST Member Charter<\/a><\/p>\n<p style=\"text-align: center;\"><a title=\"file\" href=\"http:\/\/www.bst.org.pl\/files\/BST%20Regulamin%20Zarzadu.pdf\" target=\"_blank\" name=\"file\"><\/a><br \/>\nBa\u0142tyckie Stowarzyszenie T\u0142umaczy<br \/>\n[Baltic Society of Translators and Interpreters]<br \/>\nul. Piwna 56\/57 m. 1, 80-831 Gda\u0144sk, Poland<\/p>\n<p style=\"text-align: center;\">National Court Register (KRS) No. 0000267265<br \/>\nS\u0105d Rejonowy [District Court] Gda\u0144sk-P\u00f3\u0142noc<br \/>\nWydzia\u0142 VII Gospodarczy KRS [8th Commercial Dept.]<br \/>\nRegistration date: 14 November 2006<\/p>\n<p style=\"text-align: center;\">Tax ID (NIP) 583-296-48-11<\/p>\n<p style=\"text-align: center;\">Statistical No. (REGON) 220335701<\/p>\n<p style=\"text-align: center;\">Bank Details<br \/>\nAccount No. PL82 1020 1811 0000 0102 0118 7491<br \/>\nBIC\/SWIFT: BPKOPLPW<\/p>\n<p style=\"text-align: center;\"><a href=\"http:\/\/www.bst.org.pl\/index.php\" target=\"_blank\"><span class=\"undefined\">www.bst.org.pl<\/span><\/a><\/p>\n","protected":false},"excerpt":{"rendered":"<p>BST Articles of Association BST Member Charter Ba\u0142tyckie Stowarzyszenie T\u0142umaczy [Baltic Society of Translators and Interpreters] ul. Piwna 56\/57 m. 1, 80-831 Gda\u0144sk, Poland National Court Register (KRS) No. 0000267265 S\u0105d Rejonowy [District Court] Gda\u0144sk-P\u00f3\u0142noc Wydzia\u0142 VII Gospodarczy KRS [8th Commercial Dept.] Registration date: 14 November 2006 Tax ID (NIP) 583-296-48-11 Statistical No. (REGON) 220335701 [&hellip;]<\/p>\n","protected":false},"author":1,"featured_media":0,"parent":0,"menu_order":0,"comment_status":"closed","ping_status":"open","template":"","meta":{"_exactmetrics_skip_tracking":false,"_exactmetrics_sitenote_active":false,"_exactmetrics_sitenote_note":"","_exactmetrics_sitenote_category":0,"footnotes":""},"class_list":["post-287","page","type-page","status-publish","hentry"],"_links":{"self":[{"href":"https:\/\/bst.org.pl\/index.php?rest_route=\/wp\/v2\/pages\/287","targetHints":{"allow":["GET"]}}],"collection":[{"href":"https:\/\/bst.org.pl\/index.php?rest_route=\/wp\/v2\/pages"}],"about":[{"href":"https:\/\/bst.org.pl\/index.php?rest_route=\/wp\/v2\/types\/page"}],"author":[{"embeddable":true,"href":"https:\/\/bst.org.pl\/index.php?rest_route=\/wp\/v2\/users\/1"}],"replies":[{"embeddable":true,"href":"https:\/\/bst.org.pl\/index.php?rest_route=%2Fwp%2Fv2%2Fcomments&post=287"}],"version-history":[{"count":3,"href":"https:\/\/bst.org.pl\/index.php?rest_route=\/wp\/v2\/pages\/287\/revisions"}],"predecessor-version":[{"id":3425,"href":"https:\/\/bst.org.pl\/index.php?rest_route=\/wp\/v2\/pages\/287\/revisions\/3425"}],"wp:attachment":[{"href":"https:\/\/bst.org.pl\/index.php?rest_route=%2Fwp%2Fv2%2Fmedia&parent=287"}],"curies":[{"name":"wp","href":"https:\/\/api.w.org\/{rel}","templated":true}]}}