{"id":228,"date":"2015-05-28T13:30:05","date_gmt":"2015-05-28T11:30:05","guid":{"rendered":"http:\/\/www.bst.org.pl\/bst_wp\/?page_id=228"},"modified":"2015-05-28T13:35:23","modified_gmt":"2015-05-28T11:35:23","slug":"karta-czlonka","status":"publish","type":"page","link":"https:\/\/bst.org.pl\/?page_id=228","title":{"rendered":"Karta cz\u0142onka"},"content":{"rendered":"<p>Cz\u0142onk\u00f3w BST obowi\u0105zuje Karta T\u0142umacza BST:<br \/>\n<strong><br \/>\n<\/strong><\/p>\n<p style=\"text-align: center;\"><strong>KARTA CZ\u0141ONKA BA\u0141TYCKIEGO STOWARZYSZENIA T\u0141UMACZY<\/strong><\/p>\n<p>Cz\u0142onkiem Ba\u0142tyckiego Stowarzyszenia T\u0142umaczy mo\u017ce by\u0107 osoba czynnie wykonuj\u0105ca zaw\u00f3d t\u0142umacza, kt\u00f3ra zobowi\u0105zuj\u0105 si\u0119 przestrzega\u0107 zapis\u00f3w Statutu i Karty Cz\u0142onka.<\/p>\n<p>Do obowi\u0105zk\u00f3w cz\u0142onka BST nale\u017cy:<\/p>\n<ol>\n<li>Dba\u0142o\u015b\u0107 o dobre imi\u0119 Stowarzyszenia, propagowanie jego dzia\u0142alno\u015bci, uczestnictwo w przedsi\u0119wzi\u0119ciach organizowanych przez BST;<\/li>\n<li>Dba\u0142o\u015b\u0107 o wysok\u0105 rang\u0119 zawodu t\u0142umacza i post\u0119powanie zgodne\u00a0 z zasadami etyki zawodowej;<\/li>\n<li>Nieustannie podnoszenie kwalifikacji i umiej\u0119tno\u015bci zawodowych, pog\u0142\u0119bianie wiedzy, uczestnictwo w szkoleniach;<\/li>\n<li>Troska o to, by wykonywane t\u0142umaczenie oddawa\u0142o wiernie tre\u015b\u0107 orygina\u0142u i by\u0142o zgodne z zasadami sztuki przek\u0142adu;<\/li>\n<li>Nieprzyjmowanie zlece\u0144, je\u015bli przekraczaj\u0105 one zakres posiadanej wiedzy lub sprawno\u015b\u0107 j\u0119zykow\u0105, a tak\u017ce w\u00f3wczas, gdy proponowany termin uniemo\u017cliwia rzetelne ich wykonanie;<\/li>\n<li>Przestrzeganie tajemnicy zawodowej;<\/li>\n<li>Dzielenie si\u0119 swoj\u0105 wiedz\u0105 oraz konsultowanie wszelkich w\u0105tpliwo\u015bci z innymi;<\/li>\n<li>Udzielanie merytorycznej pomocy innym cz\u0142onkom BST, a tak\u017ce mniej do\u015bwiadczonym kolegom;<\/li>\n<li>Lojalno\u015b\u0107 wobec koleg\u00f3w t\u0142umaczy i zleceniodawc\u00f3w;<\/li>\n<li>Niestosowanie zani\u017conych cen i nieuczciwej konkurencji;<\/li>\n<li>Regularne op\u0142acanie sk\u0142adek.<\/li>\n<\/ol>\n<p><P>T\u0142umacze zrzeszeni w BST reprezentuj\u0105 nast\u0119puj\u0105ce j\u0119zyki: angielski,chorwacki, czeski, du\u0144ski, francuski, hiszpa\u0144ski, japo\u0144ski, litewski, niderlandzki, niemiecki, norweski, rosyjski, s\u0142owacki, szwedzki, ukrai\u0144ski,w\u0119gierski, w\u0142oski.<\/P><\/p>\n","protected":false},"excerpt":{"rendered":"<p>Cz\u0142onk\u00f3w BST obowi\u0105zuje Karta T\u0142umacza BST: KARTA CZ\u0141ONKA BA\u0141TYCKIEGO STOWARZYSZENIA T\u0141UMACZY Cz\u0142onkiem Ba\u0142tyckiego Stowarzyszenia T\u0142umaczy mo\u017ce by\u0107 osoba czynnie wykonuj\u0105ca zaw\u00f3d t\u0142umacza, kt\u00f3ra zobowi\u0105zuj\u0105 si\u0119 przestrzega\u0107 zapis\u00f3w Statutu i Karty Cz\u0142onka. Do obowi\u0105zk\u00f3w cz\u0142onka BST nale\u017cy: Dba\u0142o\u015b\u0107 o dobre imi\u0119 Stowarzyszenia, propagowanie jego dzia\u0142alno\u015bci, uczestnictwo w przedsi\u0119wzi\u0119ciach organizowanych przez BST; Dba\u0142o\u015b\u0107 o wysok\u0105 rang\u0119 zawodu [&hellip;]<\/p>\n","protected":false},"author":1,"featured_media":0,"parent":0,"menu_order":0,"comment_status":"open","ping_status":"open","template":"","meta":{"_exactmetrics_skip_tracking":false,"_exactmetrics_sitenote_active":false,"_exactmetrics_sitenote_note":"","_exactmetrics_sitenote_category":0,"footnotes":""},"class_list":["post-228","page","type-page","status-publish","hentry"],"_links":{"self":[{"href":"https:\/\/bst.org.pl\/index.php?rest_route=\/wp\/v2\/pages\/228","targetHints":{"allow":["GET"]}}],"collection":[{"href":"https:\/\/bst.org.pl\/index.php?rest_route=\/wp\/v2\/pages"}],"about":[{"href":"https:\/\/bst.org.pl\/index.php?rest_route=\/wp\/v2\/types\/page"}],"author":[{"embeddable":true,"href":"https:\/\/bst.org.pl\/index.php?rest_route=\/wp\/v2\/users\/1"}],"replies":[{"embeddable":true,"href":"https:\/\/bst.org.pl\/index.php?rest_route=%2Fwp%2Fv2%2Fcomments&post=228"}],"version-history":[{"count":12,"href":"https:\/\/bst.org.pl\/index.php?rest_route=\/wp\/v2\/pages\/228\/revisions"}],"predecessor-version":[{"id":230,"href":"https:\/\/bst.org.pl\/index.php?rest_route=\/wp\/v2\/pages\/228\/revisions\/230"}],"wp:attachment":[{"href":"https:\/\/bst.org.pl\/index.php?rest_route=%2Fwp%2Fv2%2Fmedia&parent=228"}],"curies":[{"name":"wp","href":"https:\/\/api.w.org\/{rel}","templated":true}]}}