{"id":127,"date":"2015-05-25T20:01:03","date_gmt":"2015-05-25T18:01:03","guid":{"rendered":"http:\/\/www.bst.org.pl\/bst_wp\/?page_id=127"},"modified":"2023-06-22T15:29:27","modified_gmt":"2023-06-22T13:29:27","slug":"kontakt","status":"publish","type":"page","link":"https:\/\/bst.org.pl\/?page_id=127","title":{"rendered":"Kontakt"},"content":{"rendered":"<p style=\"text-align: center;\"><strong>Ba\u0142tyckie Stowarzyszenie T\u0142umaczy<br \/>\n<\/strong>ul. Wielkopolska 399, 81-583 Gdynia<br \/>\n<em>Tel. (Zarz\u0105d):<\/em> +48 793 536 402<br \/>\n<em>E-mail:<\/em>\u00a0<a href=\"mailto:bst@bst.org.pl\">bst@bst.org.pl<\/a><br \/>\n<em>WWW:<\/em>\u00a0<a href=\"https:\/\/bst.org.pl\/\" target=\"_blank\" rel=\"noopener\">https:\/\/bst.org.pl\/<\/a><br \/>\n<em>Facebook:<\/em>\u00a0<a href=\"https:\/\/fb.com\/bstorgpl\" target=\"_blank\" rel=\"noopener\">https:\/\/fb.com\/bstorgpl<\/a><br \/>\n<em>LinkedIn:<\/em>\u00a0<a href=\"https:\/\/www.linkedin.com\/company\/80537072\/\" target=\"_blank\" rel=\"noopener\">https:\/\/www.linkedin.com\/company\/80537072\/<\/a><\/p>\n<p style=\"text-align: center;\">Je\u015bli szukasz t\u0142umacza, <a href=\"http:\/\/www.bst.org.pl\/?page_id=11\">kliknij tutaj<\/a>.<\/p>\n","protected":false},"excerpt":{"rendered":"<p>Ba\u0142tyckie Stowarzyszenie T\u0142umaczy ul. Wielkopolska 399, 81-583 Gdynia Tel. (Zarz\u0105d): +48 793 536 402 E-mail:\u00a0bst@bst.org.pl WWW:\u00a0https:\/\/bst.org.pl\/ Facebook:\u00a0https:\/\/fb.com\/bstorgpl LinkedIn:\u00a0https:\/\/www.linkedin.com\/company\/80537072\/ Je\u015bli szukasz t\u0142umacza, kliknij tutaj.<\/p>\n","protected":false},"author":1,"featured_media":0,"parent":0,"menu_order":0,"comment_status":"open","ping_status":"open","template":"","meta":{"_exactmetrics_skip_tracking":false,"_exactmetrics_sitenote_active":false,"_exactmetrics_sitenote_note":"","_exactmetrics_sitenote_category":0,"footnotes":""},"class_list":["post-127","page","type-page","status-publish","hentry"],"_links":{"self":[{"href":"https:\/\/bst.org.pl\/index.php?rest_route=\/wp\/v2\/pages\/127","targetHints":{"allow":["GET"]}}],"collection":[{"href":"https:\/\/bst.org.pl\/index.php?rest_route=\/wp\/v2\/pages"}],"about":[{"href":"https:\/\/bst.org.pl\/index.php?rest_route=\/wp\/v2\/types\/page"}],"author":[{"embeddable":true,"href":"https:\/\/bst.org.pl\/index.php?rest_route=\/wp\/v2\/users\/1"}],"replies":[{"embeddable":true,"href":"https:\/\/bst.org.pl\/index.php?rest_route=%2Fwp%2Fv2%2Fcomments&post=127"}],"version-history":[{"count":5,"href":"https:\/\/bst.org.pl\/index.php?rest_route=\/wp\/v2\/pages\/127\/revisions"}],"predecessor-version":[{"id":4745,"href":"https:\/\/bst.org.pl\/index.php?rest_route=\/wp\/v2\/pages\/127\/revisions\/4745"}],"wp:attachment":[{"href":"https:\/\/bst.org.pl\/index.php?rest_route=%2Fwp%2Fv2%2Fmedia&parent=127"}],"curies":[{"name":"wp","href":"https:\/\/api.w.org\/{rel}","templated":true}]}}