{"id":111,"date":"2015-05-25T19:57:00","date_gmt":"2015-05-25T17:57:00","guid":{"rendered":"http:\/\/www.bst.org.pl\/bst_wp\/?page_id=111"},"modified":"2022-08-01T20:24:15","modified_gmt":"2022-08-01T18:24:15","slug":"jak-zostac-czlonkiem-bst","status":"publish","type":"page","link":"https:\/\/bst.org.pl\/?page_id=111","title":{"rendered":"Jak zosta\u0107 cz\u0142onkiem BST"},"content":{"rendered":"<p><img loading=\"lazy\" decoding=\"async\" class=\"aligncenter size-full wp-image-86\" src=\"http:\/\/www.bst.org.pl\/wp-content\/uploads\/2015\/05\/logo_bst.jpg\" alt=\"logo_bst\" width=\"150\" height=\"46\"><br>BST jest organizacj\u0105 przyjazn\u0105 dla nowych cz\u0142onk\u00f3w. Wst\u0119puj\u0105c do BST:<\/p>\n<ul>\n<li>masz mo\u017cliwo\u015b\u0107 szerszej wymiany pogl\u0105d\u00f3w z kolegami,<\/li>\n<li>stale podwy\u017cszasz swoje kwalifikacje zawodowe i otrzymujesz zni\u017cki b\u0105d\u017a zwolnienia z op\u0142at za szkolenia organizowane przez BST,<\/li>\n<li>otrzymujesz pomoc w chwilach trudnych (informacja o nieuczciwych klientach, dumpingowe dzia\u0142ania konkurencji, nieetyczne zachowania koleg\u00f3w po fachu),<\/li>\n<li>mo\u017cesz wsp\u00f3lnie oddzia\u0142ywa\u0107 na integracj\u0119 naszego \u015brodowiska!<\/li>\n<li>uzyskujesz PE\u0141EN dost\u0119p do naszej witryny internetowej, a to oznacza mo\u017cliwo\u015b\u0107&nbsp;umieszczenia swoich danych w wyszukiwarce dla klient\u00f3w, dost\u0119p do &#8222;czarnej listy&#8221; nierzetelnych klient\u00f3w,&nbsp;mo\u017cliwo\u015b\u0107 korzystania z formatek standardowych dokument\u00f3w przet\u0142umaczonych na r\u00f3\u017cne j\u0119zyki i z r\u00f3\u017cnych j\u0119zyk\u00f3w;<\/li>\n<\/ul>\n<div align=\"center\">\n<div align=\"justify\">\n<p>Zapoznaj si\u0119 ze <strong>statutem oraz kart\u0105 BST<\/strong>, a nast\u0119pnie wype\u0142nij <strong>deklaracj\u0119 <\/strong>(ikonki poni\u017cej), wydrukuj j\u0105 i podpisz, a je\u015bli jeste\u015b t\u0142umaczem z pewnym dorobkiem zawodowym, do deklaracji do\u0142\u0105cz opis tego dorobku. Nast\u0119pnie <strong>wy\u015blij skan deklaracji (wraz z opisem) <\/strong>na adres <a href=\"mailto:prezes@bst.org.pl\">prezes@bst.org.pl<\/a>.<\/p>\n<div>&nbsp;<\/div>\n<p>Zostaniesz do\u0142\u0105czony do naszej listy dyskusyjnej i uzyskasz dost\u0119p do wszystkich informacji dla cz\u0142onk\u00f3w oraz do oferty skierowanej do klient\u00f3w.<\/p>\n<\/div>\n<p><strong>Uwaga<\/strong>: sk\u0142adka cz\u0142onkowska naliczana jest za ca\u0142y rok kalendarzowy,<br>niezale\u017cnie od miesi\u0105ca przyst\u0105pienia do BST.<br><strong>Momentem przyst\u0105pienia do BST<\/strong><br><strong>jest dzie\u0144 wp\u0142ywu sk\u0142adki na nasz rachunek bankowy<\/strong>.<\/p>\n<div align=\"center\"><a href=\"http:\/\/www.bst.org.pl\/?page_id=153\">Kliknij tu, \u017ceby sprawdzi\u0107 wysoko\u015b\u0107 sk\u0142adki i jak j\u0105 uregulowa\u0107<\/a><\/div>\n<\/div>\n\n\n<div class=\"wp-block-file\"><a id=\"wp-block-file--media-c0c486a8-06f2-4df4-a434-5510d11ccf67\" href=\"https:\/\/bst.org.pl\/wp-content\/uploads\/2022\/08\/Deklaracja_BST.docx\">Deklaracja BST<\/a><a href=\"https:\/\/bst.org.pl\/wp-content\/uploads\/2022\/08\/Deklaracja_BST.docx\" class=\"wp-block-file__button\" download aria-describedby=\"wp-block-file--media-c0c486a8-06f2-4df4-a434-5510d11ccf67\">Pobierz<\/a><\/div>\n\n\n\n<div class=\"wp-block-file\"><a id=\"wp-block-file--media-a92ef5d8-2257-4ad9-84c2-dedc788dab2c\" href=\"https:\/\/bst.org.pl\/wp-content\/uploads\/2006\/05\/Karta BST.pdf\">Karta BST<\/a><a href=\"https:\/\/bst.org.pl\/wp-content\/uploads\/2006\/05\/Karta BST.pdf\" class=\"wp-block-file__button\" download aria-describedby=\"wp-block-file--media-a92ef5d8-2257-4ad9-84c2-dedc788dab2c\">Pobierz<\/a><\/div>\n\n\n\n<div class=\"wp-block-file\"><a id=\"wp-block-file--media-441b3ce0-ad37-4a4d-aca0-814f760b0c3d\" href=\"https:\/\/bst.org.pl\/wp-content\/uploads\/2021\/12\/StatutBST_21122020.pdf\">Statut BST<\/a><a href=\"https:\/\/bst.org.pl\/wp-content\/uploads\/2021\/12\/StatutBST_21122020.pdf\" class=\"wp-block-file__button\" download aria-describedby=\"wp-block-file--media-441b3ce0-ad37-4a4d-aca0-814f760b0c3d\">Pobierz<\/a><\/div>\n","protected":false},"excerpt":{"rendered":"<p>BST jest organizacj\u0105 przyjazn\u0105 dla nowych cz\u0142onk\u00f3w. Wst\u0119puj\u0105c do BST: masz mo\u017cliwo\u015b\u0107 szerszej wymiany pogl\u0105d\u00f3w z kolegami, stale podwy\u017cszasz swoje kwalifikacje zawodowe i otrzymujesz zni\u017cki b\u0105d\u017a zwolnienia z op\u0142at za szkolenia organizowane przez BST, otrzymujesz pomoc w chwilach trudnych (informacja o nieuczciwych klientach, dumpingowe dzia\u0142ania konkurencji, nieetyczne zachowania koleg\u00f3w po fachu), mo\u017cesz wsp\u00f3lnie oddzia\u0142ywa\u0107 na [&hellip;]<\/p>\n","protected":false},"author":1,"featured_media":0,"parent":0,"menu_order":0,"comment_status":"open","ping_status":"open","template":"","meta":{"_exactmetrics_skip_tracking":false,"_exactmetrics_sitenote_active":false,"_exactmetrics_sitenote_note":"","_exactmetrics_sitenote_category":0,"footnotes":""},"class_list":["post-111","page","type-page","status-publish","hentry"],"_links":{"self":[{"href":"https:\/\/bst.org.pl\/index.php?rest_route=\/wp\/v2\/pages\/111","targetHints":{"allow":["GET"]}}],"collection":[{"href":"https:\/\/bst.org.pl\/index.php?rest_route=\/wp\/v2\/pages"}],"about":[{"href":"https:\/\/bst.org.pl\/index.php?rest_route=\/wp\/v2\/types\/page"}],"author":[{"embeddable":true,"href":"https:\/\/bst.org.pl\/index.php?rest_route=\/wp\/v2\/users\/1"}],"replies":[{"embeddable":true,"href":"https:\/\/bst.org.pl\/index.php?rest_route=%2Fwp%2Fv2%2Fcomments&post=111"}],"version-history":[{"count":11,"href":"https:\/\/bst.org.pl\/index.php?rest_route=\/wp\/v2\/pages\/111\/revisions"}],"predecessor-version":[{"id":4479,"href":"https:\/\/bst.org.pl\/index.php?rest_route=\/wp\/v2\/pages\/111\/revisions\/4479"}],"wp:attachment":[{"href":"https:\/\/bst.org.pl\/index.php?rest_route=%2Fwp%2Fv2%2Fmedia&parent=111"}],"curies":[{"name":"wp","href":"https:\/\/api.w.org\/{rel}","templated":true}]}}